{"id":27852,"date":"2025-06-12T00:39:41","date_gmt":"2025-06-12T00:39:41","guid":{"rendered":"https:\/\/feat-ds.eu\/?page_id=27852"},"modified":"2025-06-12T00:43:09","modified_gmt":"2025-06-12T00:43:09","slug":"news","status":"publish","type":"page","link":"https:\/\/feat-ds.eu\/lt\/news\/","title":{"rendered":"Naujienos"},"content":{"rendered":"<div data-elementor-type=\"wp-page\" data-elementor-id=\"27852\" class=\"elementor elementor-27852\" data-elementor-post-type=\"page\">\n\t\t\t\t<div class=\"elementor-element elementor-element-563f0283 e-flex e-con-boxed elementor-invisible e-con e-parent\" data-id=\"563f0283\" data-element_type=\"container\" data-e-type=\"container\" data-settings=\"{&quot;background_background&quot;:&quot;classic&quot;,&quot;animation&quot;:&quot;fadeIn&quot;}\">\n\t\t\t\t\t<div class=\"e-con-inner\">\n\t\t<div class=\"elementor-element elementor-element-f634762 e-con-full e-flex e-con e-child\" data-id=\"f634762\" data-element_type=\"container\" data-e-type=\"container\">\n\t\t\t\t<div class=\"elementor-element elementor-element-6a321762 elementor-widget elementor-widget-heading\" data-id=\"6a321762\" data-element_type=\"widget\" data-e-type=\"widget\" data-widget_type=\"heading.default\">\n\t\t\t\t<div class=\"elementor-widget-container\">\n\t\t\t\t\t<h1 class=\"elementor-heading-title elementor-size-default\">Naujienos<\/h1>\t\t\t\t<\/div>\n\t\t\t\t<\/div>\n\t\t\t\t<div class=\"elementor-element elementor-element-564e677e elementor-widget elementor-widget-text-editor\" data-id=\"564e677e\" data-element_type=\"widget\" data-e-type=\"widget\" data-widget_type=\"text-editor.default\">\n\t\t\t\t<div class=\"elementor-widget-container\">\n\t\t\t\t\t\t\t\t\t<p>Informacija apie projekto naujienas, prane\u0161imus.<\/p>\t\t\t\t\t\t\t\t<\/div>\n\t\t\t\t<\/div>\n\t\t\t\t<\/div>\n\t\t\t\t\t<\/div>\n\t\t\t\t<\/div>\n\t\t<div class=\"elementor-element elementor-element-65571f e-flex e-con-boxed e-con e-parent\" data-id=\"65571f\" data-element_type=\"container\" data-e-type=\"container\" data-settings=\"{&quot;background_background&quot;:&quot;classic&quot;}\">\n\t\t\t\t\t<div class=\"e-con-inner\">\n\t\t\t\t<div class=\"elementor-element elementor-element-8c54081 elementor-grid-3 elementor-grid-tablet-2 elementor-grid-mobile-1 elementor-posts--thumbnail-top elementor-card-shadow-yes elementor-posts__hover-gradient load-more-align-center elementor-widget elementor-widget-posts\" data-id=\"8c54081\" data-element_type=\"widget\" data-e-type=\"widget\" data-settings=\"{&quot;pagination_type&quot;:&quot;load_more_on_click&quot;,&quot;cards_columns&quot;:&quot;3&quot;,&quot;cards_columns_tablet&quot;:&quot;2&quot;,&quot;cards_columns_mobile&quot;:&quot;1&quot;,&quot;cards_row_gap&quot;:{&quot;unit&quot;:&quot;px&quot;,&quot;size&quot;:35,&quot;sizes&quot;:[]},&quot;cards_row_gap_tablet&quot;:{&quot;unit&quot;:&quot;px&quot;,&quot;size&quot;:&quot;&quot;,&quot;sizes&quot;:[]},&quot;cards_row_gap_mobile&quot;:{&quot;unit&quot;:&quot;px&quot;,&quot;size&quot;:&quot;&quot;,&quot;sizes&quot;:[]},&quot;load_more_spinner&quot;:{&quot;value&quot;:&quot;fas fa-spinner&quot;,&quot;library&quot;:&quot;fa-solid&quot;}}\" data-widget_type=\"posts.cards\">\n\t\t\t\t<div class=\"elementor-widget-container\">\n\t\t\t\t\t\t\t<div class=\"elementor-posts-container elementor-posts elementor-posts--skin-cards elementor-grid\" role=\"list\">\n\t\t\t\t<article class=\"elementor-post elementor-grid-item post-27838 post type-post status-publish format-standard has-post-thumbnail hentry category-blog\" role=\"listitem\">\n\t\t\t<div class=\"elementor-post__card\">\n\t\t\t\t<a class=\"elementor-post__thumbnail__link\" href=\"https:\/\/feat-ds.eu\/lt\/different-talents-different-perspectives-but-one-shared-goal-building-a-more-inclusive-workplace\/\" tabindex=\"-1\" ><div class=\"elementor-post__thumbnail\"><img fetchpriority=\"high\" decoding=\"async\" width=\"1024\" height=\"1024\" src=\"https:\/\/feat-ds.eu\/wp-content\/uploads\/2025\/06\/474692490_122178406022249783_8969247564971261951_n-1024x1024.jpg\" class=\"attachment-large size-large wp-image-27839\" alt=\"\" srcset=\"https:\/\/feat-ds.eu\/wp-content\/uploads\/2025\/06\/474692490_122178406022249783_8969247564971261951_n-1024x1024.jpg 1024w, https:\/\/feat-ds.eu\/wp-content\/uploads\/2025\/06\/474692490_122178406022249783_8969247564971261951_n-300x300.jpg 300w, https:\/\/feat-ds.eu\/wp-content\/uploads\/2025\/06\/474692490_122178406022249783_8969247564971261951_n-150x150.jpg 150w, https:\/\/feat-ds.eu\/wp-content\/uploads\/2025\/06\/474692490_122178406022249783_8969247564971261951_n-768x768.jpg 768w, https:\/\/feat-ds.eu\/wp-content\/uploads\/2025\/06\/474692490_122178406022249783_8969247564971261951_n.jpg 1080w\" sizes=\"(max-width: 1024px) 100vw, 1024px\" \/><\/div><\/a>\n\t\t\t\t<div class=\"elementor-post__text\">\n\t\t\t\t<h3 class=\"elementor-post__title\">\n\t\t\t<a href=\"https:\/\/feat-ds.eu\/lt\/different-talents-different-perspectives-but-one-shared-goal-building-a-more-inclusive-workplace\/\" >\n\t\t\t\tDifferent talents, different perspectives, but one shared goal: building a more inclusive workplace!\t\t\t<\/a>\n\t\t<\/h3>\n\t\t\t\t<div class=\"elementor-post__excerpt\">\n\t\t\t<p>It&#8217;s time to recognize that adults with Down syndrome bring unique strengths and valuable contributions to every business. When we create meaningful job opportunities, we<\/p>\n\t\t<\/div>\n\t\t\n\t\t<a class=\"elementor-post__read-more\" href=\"https:\/\/feat-ds.eu\/lt\/different-talents-different-perspectives-but-one-shared-goal-building-a-more-inclusive-workplace\/\" aria-label=\"Read more about Different talents, different perspectives, but one shared goal: building a more inclusive workplace!\" tabindex=\"-1\" >\n\t\t\tSu\u017einoti daugiau \u00bb\t\t<\/a>\n\n\t\t\t\t<\/div>\n\t\t\t\t<div class=\"elementor-post__meta-data\">\n\t\t\t\t\t<span class=\"elementor-post-date\">\n\t\t\t11\/29\/2024\t\t<\/span>\n\t\t\t\t<\/div>\n\t\t\t\t\t<\/div>\n\t\t<\/article>\n\t\t\t\t<article class=\"elementor-post elementor-grid-item post-28752 post type-post status-publish format-standard has-post-thumbnail hentry category-blog\" role=\"listitem\">\n\t\t\t<div class=\"elementor-post__card\">\n\t\t\t\t<a class=\"elementor-post__thumbnail__link\" href=\"https:\/\/feat-ds.eu\/lt\/feat-ds-insights-ready-for-labour-market-a-holistic-approach-to-employment-readiness\/\" tabindex=\"-1\" ><div class=\"elementor-post__thumbnail\"><img decoding=\"async\" width=\"1000\" height=\"667\" src=\"https:\/\/feat-ds.eu\/wp-content\/uploads\/2025\/07\/2148483849.jpg\" class=\"attachment-large size-large wp-image-28753\" alt=\"\" srcset=\"https:\/\/feat-ds.eu\/wp-content\/uploads\/2025\/07\/2148483849.jpg 1000w, https:\/\/feat-ds.eu\/wp-content\/uploads\/2025\/07\/2148483849-300x200.jpg 300w, https:\/\/feat-ds.eu\/wp-content\/uploads\/2025\/07\/2148483849-768x512.jpg 768w, https:\/\/feat-ds.eu\/wp-content\/uploads\/2025\/07\/2148483849-18x12.jpg 18w\" sizes=\"(max-width: 1000px) 100vw, 1000px\" \/><\/div><\/a>\n\t\t\t\t<div class=\"elementor-post__text\">\n\t\t\t\t<h3 class=\"elementor-post__title\">\n\t\t\t<a href=\"https:\/\/feat-ds.eu\/lt\/feat-ds-insights-ready-for-labour-market-a-holistic-approach-to-employment-readiness\/\" >\n\t\t\t\tFEAT-DS Insights: &#8220;Ready for Labour Market&#8221; &#8211; A Holistic Approach to Employment Readiness\t\t\t<\/a>\n\t\t<\/h3>\n\t\t\t\t<div class=\"elementor-post__excerpt\">\n\t\t\t<p>At FEAT-DS, we&#8217;re always eager to explore initiatives that complement our mission of empowering adults with Down syndrome through electronics education. Today, we&#8217;re excited to<\/p>\n\t\t<\/div>\n\t\t\n\t\t<a class=\"elementor-post__read-more\" href=\"https:\/\/feat-ds.eu\/lt\/feat-ds-insights-ready-for-labour-market-a-holistic-approach-to-employment-readiness\/\" aria-label=\"Read more about FEAT-DS Insights: &#8220;Ready for Labour Market&#8221; &#8211; A Holistic Approach to Employment Readiness\" tabindex=\"-1\" >\n\t\t\tSu\u017einoti daugiau \u00bb\t\t<\/a>\n\n\t\t\t\t<\/div>\n\t\t\t\t<div class=\"elementor-post__meta-data\">\n\t\t\t\t\t<span class=\"elementor-post-date\">\n\t\t\t09\/15\/2024\t\t<\/span>\n\t\t\t\t<\/div>\n\t\t\t\t\t<\/div>\n\t\t<\/article>\n\t\t\t\t<article class=\"elementor-post elementor-grid-item post-28749 post type-post status-publish format-standard has-post-thumbnail hentry category-blog\" role=\"listitem\">\n\t\t\t<div class=\"elementor-post__card\">\n\t\t\t\t<a class=\"elementor-post__thumbnail__link\" href=\"https:\/\/feat-ds.eu\/lt\/feat-ds-spotlight-digital-literacy-program-by-dauna-sindroms-latvija\/\" tabindex=\"-1\" ><div class=\"elementor-post__thumbnail\"><img decoding=\"async\" width=\"1000\" height=\"707\" src=\"https:\/\/feat-ds.eu\/wp-content\/uploads\/2025\/07\/47032.jpg\" class=\"attachment-large size-large wp-image-28750\" alt=\"\" srcset=\"https:\/\/feat-ds.eu\/wp-content\/uploads\/2025\/07\/47032.jpg 1000w, https:\/\/feat-ds.eu\/wp-content\/uploads\/2025\/07\/47032-300x212.jpg 300w, https:\/\/feat-ds.eu\/wp-content\/uploads\/2025\/07\/47032-768x543.jpg 768w, https:\/\/feat-ds.eu\/wp-content\/uploads\/2025\/07\/47032-18x12.jpg 18w\" sizes=\"(max-width: 1000px) 100vw, 1000px\" \/><\/div><\/a>\n\t\t\t\t<div class=\"elementor-post__text\">\n\t\t\t\t<h3 class=\"elementor-post__title\">\n\t\t\t<a href=\"https:\/\/feat-ds.eu\/lt\/feat-ds-spotlight-digital-literacy-program-by-dauna-sindroms-latvija\/\" >\n\t\t\t\tFEAT-DS Spotlight: &#8220;Digital Literacy Program&#8221; by Dauna sindroms Latvija\t\t\t<\/a>\n\t\t<\/h3>\n\t\t\t\t<div class=\"elementor-post__excerpt\">\n\t\t\t<p>At FEAT-DS, we&#8217;re always excited to discover initiatives that align with our mission of empowering adults with Down syndrome through technology education. Today, we&#8217;re thrilled<\/p>\n\t\t<\/div>\n\t\t\n\t\t<a class=\"elementor-post__read-more\" href=\"https:\/\/feat-ds.eu\/lt\/feat-ds-spotlight-digital-literacy-program-by-dauna-sindroms-latvija\/\" aria-label=\"Read more about FEAT-DS Spotlight: &#8220;Digital Literacy Program&#8221; by Dauna sindroms Latvija\" tabindex=\"-1\" >\n\t\t\tSu\u017einoti daugiau \u00bb\t\t<\/a>\n\n\t\t\t\t<\/div>\n\t\t\t\t<div class=\"elementor-post__meta-data\">\n\t\t\t\t\t<span class=\"elementor-post-date\">\n\t\t\t08\/22\/2024\t\t<\/span>\n\t\t\t\t<\/div>\n\t\t\t\t\t<\/div>\n\t\t<\/article>\n\t\t\t\t<article class=\"elementor-post elementor-grid-item post-27845 post type-post status-publish format-standard has-post-thumbnail hentry category-blog\" role=\"listitem\">\n\t\t\t<div class=\"elementor-post__card\">\n\t\t\t\t<a class=\"elementor-post__thumbnail__link\" href=\"https:\/\/feat-ds.eu\/lt\/exciting-news-our-partners-are-developing-e-modules-designed-to-engage-both-adult-educators-and-adult-learners-with-down-syndrome\/\" tabindex=\"-1\" ><div class=\"elementor-post__thumbnail\"><img loading=\"lazy\" decoding=\"async\" width=\"1024\" height=\"1024\" src=\"https:\/\/feat-ds.eu\/wp-content\/uploads\/2025\/06\/472848429_122176496348249783_1267465988591947147_n-1024x1024.jpg\" class=\"attachment-large size-large wp-image-27846\" alt=\"\" srcset=\"https:\/\/feat-ds.eu\/wp-content\/uploads\/2025\/06\/472848429_122176496348249783_1267465988591947147_n-1024x1024.jpg 1024w, https:\/\/feat-ds.eu\/wp-content\/uploads\/2025\/06\/472848429_122176496348249783_1267465988591947147_n-300x300.jpg 300w, https:\/\/feat-ds.eu\/wp-content\/uploads\/2025\/06\/472848429_122176496348249783_1267465988591947147_n-150x150.jpg 150w, https:\/\/feat-ds.eu\/wp-content\/uploads\/2025\/06\/472848429_122176496348249783_1267465988591947147_n-768x768.jpg 768w, https:\/\/feat-ds.eu\/wp-content\/uploads\/2025\/06\/472848429_122176496348249783_1267465988591947147_n.jpg 1080w\" sizes=\"(max-width: 1024px) 100vw, 1024px\" \/><\/div><\/a>\n\t\t\t\t<div class=\"elementor-post__text\">\n\t\t\t\t<h3 class=\"elementor-post__title\">\n\t\t\t<a href=\"https:\/\/feat-ds.eu\/lt\/exciting-news-our-partners-are-developing-e-modules-designed-to-engage-both-adult-educators-and-adult-learners-with-down-syndrome\/\" >\n\t\t\t\tExciting news! Our partners are developing e-modules designed to engage both adult educators and adult learners with Down syndrome.\t\t\t<\/a>\n\t\t<\/h3>\n\t\t\t\t<div class=\"elementor-post__excerpt\">\n\t\t\t<p>Stay tuned for more updates!<\/p>\n\t\t<\/div>\n\t\t\n\t\t<a class=\"elementor-post__read-more\" href=\"https:\/\/feat-ds.eu\/lt\/exciting-news-our-partners-are-developing-e-modules-designed-to-engage-both-adult-educators-and-adult-learners-with-down-syndrome\/\" aria-label=\"Read more about Exciting news! Our partners are developing e-modules designed to engage both adult educators and adult learners with Down syndrome.\" tabindex=\"-1\" >\n\t\t\tSu\u017einoti daugiau \u00bb\t\t<\/a>\n\n\t\t\t\t<\/div>\n\t\t\t\t<div class=\"elementor-post__meta-data\">\n\t\t\t\t\t<span class=\"elementor-post-date\">\n\t\t\t08\/16\/2024\t\t<\/span>\n\t\t\t\t<\/div>\n\t\t\t\t\t<\/div>\n\t\t<\/article>\n\t\t\t\t<article class=\"elementor-post elementor-grid-item post-28746 post type-post status-publish format-standard has-post-thumbnail hentry category-blog\" role=\"listitem\">\n\t\t\t<div class=\"elementor-post__card\">\n\t\t\t\t<a class=\"elementor-post__thumbnail__link\" href=\"https:\/\/feat-ds.eu\/lt\/feat-ds-insights-code-your-life-programming-for-all\/\" tabindex=\"-1\" ><div class=\"elementor-post__thumbnail\"><img loading=\"lazy\" decoding=\"async\" width=\"1000\" height=\"667\" src=\"https:\/\/feat-ds.eu\/wp-content\/uploads\/2025\/07\/18084.jpg\" class=\"attachment-large size-large wp-image-28747\" alt=\"\" srcset=\"https:\/\/feat-ds.eu\/wp-content\/uploads\/2025\/07\/18084.jpg 1000w, https:\/\/feat-ds.eu\/wp-content\/uploads\/2025\/07\/18084-300x200.jpg 300w, https:\/\/feat-ds.eu\/wp-content\/uploads\/2025\/07\/18084-768x512.jpg 768w, https:\/\/feat-ds.eu\/wp-content\/uploads\/2025\/07\/18084-18x12.jpg 18w\" sizes=\"(max-width: 1000px) 100vw, 1000px\" \/><\/div><\/a>\n\t\t\t\t<div class=\"elementor-post__text\">\n\t\t\t\t<h3 class=\"elementor-post__title\">\n\t\t\t<a href=\"https:\/\/feat-ds.eu\/lt\/feat-ds-insights-code-your-life-programming-for-all\/\" >\n\t\t\t\tFEAT-DS Insights: &#8220;Code your life&#8221; &#8211; Programming for All\t\t\t<\/a>\n\t\t<\/h3>\n\t\t\t\t<div class=\"elementor-post__excerpt\">\n\t\t\t<p>At FEAT-DS, we&#8217;re always on the lookout for initiatives that align with our mission of making technology education accessible to everyone, especially adults with Down<\/p>\n\t\t<\/div>\n\t\t\n\t\t<a class=\"elementor-post__read-more\" href=\"https:\/\/feat-ds.eu\/lt\/feat-ds-insights-code-your-life-programming-for-all\/\" aria-label=\"Read more about FEAT-DS Insights: &#8220;Code your life&#8221; &#8211; Programming for All\" tabindex=\"-1\" >\n\t\t\tSu\u017einoti daugiau \u00bb\t\t<\/a>\n\n\t\t\t\t<\/div>\n\t\t\t\t<div class=\"elementor-post__meta-data\">\n\t\t\t\t\t<span class=\"elementor-post-date\">\n\t\t\t07\/19\/2024\t\t<\/span>\n\t\t\t\t<\/div>\n\t\t\t\t\t<\/div>\n\t\t<\/article>\n\t\t\t\t<article class=\"elementor-post elementor-grid-item post-27848 post type-post status-publish format-standard has-post-thumbnail hentry category-blog\" role=\"listitem\">\n\t\t\t<div class=\"elementor-post__card\">\n\t\t\t\t<a class=\"elementor-post__thumbnail__link\" href=\"https:\/\/feat-ds.eu\/lt\/code-your-life-by-aktion-mensch\/\" tabindex=\"-1\" ><div class=\"elementor-post__thumbnail\"><img loading=\"lazy\" decoding=\"async\" width=\"1024\" height=\"1024\" src=\"https:\/\/feat-ds.eu\/wp-content\/uploads\/2025\/06\/472819319_122176236884249783_2816484064832026299_n-1024x1024.jpg\" class=\"attachment-large size-large wp-image-27849\" alt=\"\" srcset=\"https:\/\/feat-ds.eu\/wp-content\/uploads\/2025\/06\/472819319_122176236884249783_2816484064832026299_n-1024x1024.jpg 1024w, https:\/\/feat-ds.eu\/wp-content\/uploads\/2025\/06\/472819319_122176236884249783_2816484064832026299_n-300x300.jpg 300w, https:\/\/feat-ds.eu\/wp-content\/uploads\/2025\/06\/472819319_122176236884249783_2816484064832026299_n-150x150.jpg 150w, https:\/\/feat-ds.eu\/wp-content\/uploads\/2025\/06\/472819319_122176236884249783_2816484064832026299_n-768x768.jpg 768w, https:\/\/feat-ds.eu\/wp-content\/uploads\/2025\/06\/472819319_122176236884249783_2816484064832026299_n.jpg 1080w\" sizes=\"(max-width: 1024px) 100vw, 1024px\" \/><\/div><\/a>\n\t\t\t\t<div class=\"elementor-post__text\">\n\t\t\t\t<h3 class=\"elementor-post__title\">\n\t\t\t<a href=\"https:\/\/feat-ds.eu\/lt\/code-your-life-by-aktion-mensch\/\" >\n\t\t\t\t\u201cCode your life\u201d by Aktion Mensch\t\t\t<\/a>\n\t\t<\/h3>\n\t\t\t\t<div class=\"elementor-post__excerpt\">\n\t\t\t<p>\u201cCode your life\u201d by Aktion Mensch supports the idea that programming is key to many innovations and everyday activities. With a high demand for ICT<\/p>\n\t\t<\/div>\n\t\t\n\t\t<a class=\"elementor-post__read-more\" href=\"https:\/\/feat-ds.eu\/lt\/code-your-life-by-aktion-mensch\/\" aria-label=\"Read more about \u201cCode your life\u201d by Aktion Mensch\" tabindex=\"-1\" >\n\t\t\tSu\u017einoti daugiau \u00bb\t\t<\/a>\n\n\t\t\t\t<\/div>\n\t\t\t\t<div class=\"elementor-post__meta-data\">\n\t\t\t\t\t<span class=\"elementor-post-date\">\n\t\t\t07\/17\/2024\t\t<\/span>\n\t\t\t\t<\/div>\n\t\t\t\t\t<\/div>\n\t\t<\/article>\n\t\t\t\t<\/div>\n\t\t\t\t\t<span class=\"e-load-more-spinner\">\n\t\t\t\t<svg aria-hidden=\"true\" class=\"e-font-icon-svg e-fas-spinner\" viewbox=\"0 0 512 512\" xmlns=\"http:\/\/www.w3.org\/2000\/svg\"><path d=\"M304 48c0 26.51-21.49 48-48 48s-48-21.49-48-48 21.49-48 48-48 48 21.49 48 48zm-48 368c-26.51 0-48 21.49-48 48s21.49 48 48 48 48-21.49 48-48-21.49-48-48-48zm208-208c-26.51 0-48 21.49-48 48s21.49 48 48 48 48-21.49 48-48-21.49-48-48-48zM96 256c0-26.51-21.49-48-48-48S0 229.49 0 256s21.49 48 48 48 48-21.49 48-48zm12.922 99.078c-26.51 0-48 21.49-48 48s21.49 48 48 48 48-21.49 48-48c0-26.509-21.491-48-48-48zm294.156 0c-26.51 0-48 21.49-48 48s21.49 48 48 48 48-21.49 48-48c0-26.509-21.49-48-48-48zM108.922 60.922c-26.51 0-48 21.49-48 48s21.49 48 48 48 48-21.49 48-48-21.491-48-48-48z\"><\/path><\/svg>\t\t\t<\/span>\n\t\t\n\t\t\t\t<div class=\"e-load-more-anchor\" data-page=\"1\" data-max-page=\"2\" data-next-page=\"https:\/\/feat-ds.eu\/lt\/wp-json\/wp\/v2\/pages\/27852\/page\/2\/\"><\/div>\n\t\t\t\t<div class=\"elementor-button-wrapper\">\n\t\t\t<a class=\"elementor-button elementor-size-sm\" role=\"button\">\n\t\t\t\t\t\t<span class=\"elementor-button-content-wrapper\">\n\t\t\t\t\t\t\t\t\t<span class=\"elementor-button-text\">Rodyti toliau<\/span>\n\t\t\t\t\t<\/span>\n\t\t\t\t\t<\/a>\n\t\t<\/div>\n\t\t\t\t<div class=\"e-load-more-message\"><\/div>\n\t\t\t\t\t\t<\/div>\n\t\t\t\t<\/div>\n\t\t\t\t\t<\/div>\n\t\t\t\t<\/div>\n\t\t<div class=\"elementor-element elementor-element-5ddf7607 e-flex e-con-boxed e-con e-parent\" data-id=\"5ddf7607\" data-element_type=\"container\" data-e-type=\"container\" data-settings=\"{&quot;background_background&quot;:&quot;classic&quot;}\">\n\t\t\t\t\t<div class=\"e-con-inner\">\n\t\t<div class=\"elementor-element elementor-element-20eb8de9 e-con-full e-flex e-con e-child\" data-id=\"20eb8de9\" data-element_type=\"container\" data-e-type=\"container\" data-settings=\"{&quot;background_background&quot;:&quot;classic&quot;}\">\n\t\t<div class=\"elementor-element elementor-element-2187bc09 e-con-full e-flex e-con e-child\" data-id=\"2187bc09\" data-element_type=\"container\" data-e-type=\"container\">\n\t\t\t\t<div class=\"elementor-element elementor-element-7bcfa189 elementor-widget elementor-widget-heading\" data-id=\"7bcfa189\" data-element_type=\"widget\" data-e-type=\"widget\" data-widget_type=\"heading.default\">\n\t\t\t\t<div class=\"elementor-widget-container\">\n\t\t\t\t\t<h2 class=\"elementor-heading-title elementor-size-default\">\u012eSITRAUK<\/h2>\t\t\t\t<\/div>\n\t\t\t\t<\/div>\n\t\t\t\t<div class=\"elementor-element elementor-element-724d89e7 elementor-widget elementor-widget-text-editor\" data-id=\"724d89e7\" data-element_type=\"widget\" data-e-type=\"widget\" data-widget_type=\"text-editor.default\">\n\t\t\t\t<div class=\"elementor-widget-container\">\n\t\t\t\t\t\t\t\t\t<p>\u25cf Art\u0117jantys renginiai: dirbtuv\u0117s, internetiniai seminarai ir konferencijos<br \/>\u25cf I\u0161tekliai mokytojams: atsisiun\u010diami pamok\u0173 planai ir veikl\u0173 vadovai<br \/>\u25cf Savanori\u0161kos galimyb\u0117s: tapk mentoriumi arba kviestiniu lektoriumi<\/p>\t\t\t\t\t\t\t\t<\/div>\n\t\t\t\t<\/div>\n\t\t\t\t<\/div>\n\t\t<div class=\"elementor-element elementor-element-3bb432dc e-con-full e-flex e-con e-child\" data-id=\"3bb432dc\" data-element_type=\"container\" data-e-type=\"container\">\n\t\t\t\t<div class=\"elementor-element elementor-element-6742c0ff elementor-align-center elementor-widget elementor-widget-button\" data-id=\"6742c0ff\" data-element_type=\"widget\" data-e-type=\"widget\" data-widget_type=\"button.default\">\n\t\t\t\t<div class=\"elementor-widget-container\">\n\t\t\t\t\t\t\t\t\t<div class=\"elementor-button-wrapper\">\n\t\t\t\t\t<a class=\"elementor-button elementor-button-link elementor-size-sm\" href=\"https:\/\/feat-ds.eu\/lt\/about\/\">\n\t\t\t\t\t\t<span class=\"elementor-button-content-wrapper\">\n\t\t\t\t\t\t\t\t\t<span class=\"elementor-button-text\">Apie mus<\/span>\n\t\t\t\t\t<\/span>\n\t\t\t\t\t<\/a>\n\t\t\t\t<\/div>\n\t\t\t\t\t\t\t\t<\/div>\n\t\t\t\t<\/div>\n\t\t\t\t<\/div>\n\t\t\t\t<\/div>\n\t\t\t\t\t<\/div>\n\t\t\t\t<\/div>\n\t\t\t\t<\/div>","protected":false},"excerpt":{"rendered":"<p>News Information about project updates, announcements. GET INVOLVED \u25cf Upcoming events: workshops, webinars, and conferences\u25cf Resources for educators: Downloadable lesson plans and activity guides\u25cf Volunteer opportunities: Become a mentor or guest speaker CHECK ABOUT US<\/p>","protected":false},"author":1,"featured_media":0,"parent":0,"menu_order":0,"comment_status":"closed","ping_status":"closed","template":"","meta":{"_uag_custom_page_level_css":"","site-sidebar-layout":"no-sidebar","site-content-layout":"page-builder","ast-site-content-layout":"full-width-container","site-content-style":"default","site-sidebar-style":"default","ast-global-header-display":"","ast-banner-title-visibility":"","ast-main-header-display":"","ast-hfb-above-header-display":"","ast-hfb-below-header-display":"","ast-hfb-mobile-header-display":"","site-post-title":"disabled","ast-breadcrumbs-content":"","ast-featured-img":"disabled","footer-sml-layout":"","ast-disable-related-posts":"","theme-transparent-header-meta":"","adv-header-id-meta":"","stick-header-meta":"","header-above-stick-meta":"","header-main-stick-meta":"","header-below-stick-meta":"","astra-migrate-meta-layouts":"set","ast-page-background-enabled":"default","ast-page-background-meta":{"desktop":{"background-color":"","background-image":"","background-repeat":"repeat","background-position":"center center","background-size":"auto","background-attachment":"scroll","background-type":"","background-media":"","overlay-type":"","overlay-color":"","overlay-opacity":"","overlay-gradient":""},"tablet":{"background-color":"","background-image":"","background-repeat":"repeat","background-position":"center center","background-size":"auto","background-attachment":"scroll","background-type":"","background-media":"","overlay-type":"","overlay-color":"","overlay-opacity":"","overlay-gradient":""},"mobile":{"background-color":"","background-image":"","background-repeat":"repeat","background-position":"center center","background-size":"auto","background-attachment":"scroll","background-type":"","background-media":"","overlay-type":"","overlay-color":"","overlay-opacity":"","overlay-gradient":""}},"ast-content-background-meta":{"desktop":{"background-color":"var(--ast-global-color-5)","background-image":"","background-repeat":"repeat","background-position":"center center","background-size":"auto","background-attachment":"scroll","background-type":"","background-media":"","overlay-type":"","overlay-color":"","overlay-opacity":"","overlay-gradient":""},"tablet":{"background-color":"var(--ast-global-color-5)","background-image":"","background-repeat":"repeat","background-position":"center center","background-size":"auto","background-attachment":"scroll","background-type":"","background-media":"","overlay-type":"","overlay-color":"","overlay-opacity":"","overlay-gradient":""},"mobile":{"background-color":"var(--ast-global-color-5)","background-image":"","background-repeat":"repeat","background-position":"center center","background-size":"auto","background-attachment":"scroll","background-type":"","background-media":"","overlay-type":"","overlay-color":"","overlay-opacity":"","overlay-gradient":""}},"footnotes":""},"class_list":["post-27852","page","type-page","status-publish","hentry"],"uagb_featured_image_src":{"full":false,"thumbnail":false,"medium":false,"medium_large":false,"large":false,"1536x1536":false,"2048x2048":false,"trp-custom-language-flag":false},"uagb_author_info":{"display_name":"featds","author_link":"https:\/\/feat-ds.eu\/lt\/author\/featds\/"},"uagb_comment_info":0,"uagb_excerpt":"News Information about project updates, announcements. GET INVOLVED \u25cf Upcoming events: workshops, webinars, and conferences\u25cf Resources for educators: Downloadable lesson plans and activity guides\u25cf Volunteer opportunities: Become a mentor or guest speaker CHECK ABOUT US","_links":{"self":[{"href":"https:\/\/feat-ds.eu\/lt\/wp-json\/wp\/v2\/pages\/27852","targetHints":{"allow":["GET"]}}],"collection":[{"href":"https:\/\/feat-ds.eu\/lt\/wp-json\/wp\/v2\/pages"}],"about":[{"href":"https:\/\/feat-ds.eu\/lt\/wp-json\/wp\/v2\/types\/page"}],"author":[{"embeddable":true,"href":"https:\/\/feat-ds.eu\/lt\/wp-json\/wp\/v2\/users\/1"}],"replies":[{"embeddable":true,"href":"https:\/\/feat-ds.eu\/lt\/wp-json\/wp\/v2\/comments?post=27852"}],"version-history":[{"count":7,"href":"https:\/\/feat-ds.eu\/lt\/wp-json\/wp\/v2\/pages\/27852\/revisions"}],"predecessor-version":[{"id":27861,"href":"https:\/\/feat-ds.eu\/lt\/wp-json\/wp\/v2\/pages\/27852\/revisions\/27861"}],"wp:attachment":[{"href":"https:\/\/feat-ds.eu\/lt\/wp-json\/wp\/v2\/media?parent=27852"}],"curies":[{"name":"wp","href":"https:\/\/api.w.org\/{rel}","templated":true}]}}